{"id":241600,"date":"2023-12-13T03:48:50","date_gmt":"2023-12-13T09:48:50","guid":{"rendered":"https:\/\/ajic.com.mx\/2\/?page_id=241600"},"modified":"2023-12-14T09:07:27","modified_gmt":"2023-12-14T15:07:27","slug":"evalua035","status":"publish","type":"page","link":"https:\/\/ajic.com.mx\/2\/evalua035\/","title":{"rendered":"Eval\u00faa035"},"content":{"rendered":"<p>[et_pb_section fb_built=\u00bb1&#8243; admin_label=\u00bbMarketing Hero\u00bb _builder_version=\u00bb4.23.1&#8243; background_color=\u00bb#005151&#8243; use_background_color_gradient=\u00bbon\u00bb background_color_gradient_stops=\u00bb#ffffff 5%|#d6d6d6 98%\u00bb background_image=\u00bbhttps:\/\/ajic.com.mx\/2\/wp-content\/uploads\/2023\/12\/coding-background-texture.jpg\u00bb background_blend=\u00bboverlay\u00bb custom_padding=\u00bb38px|0px|20px|0px||\u00bb global_colors_info=\u00bb{}\u00bb][et_pb_row _builder_version=\u00bb4.16&#8243; background_size=\u00bbinitial\u00bb background_position=\u00bbtop_left\u00bb background_repeat=\u00bbrepeat\u00bb custom_margin=\u00bb-9px|auto||auto||\u00bb animation_style=\u00bbzoom\u00bb animation_direction=\u00bbbottom\u00bb animation_intensity_zoom=\u00bb6%\u00bb global_colors_info=\u00bb{}\u00bb][et_pb_column type=\u00bb4_4&#8243; _builder_version=\u00bb4.16&#8243; custom_padding=\u00bb|||\u00bb global_colors_info=\u00bb{}\u00bb custom_padding__hover=\u00bb|||\u00bb][et_pb_image src=\u00bbhttps:\/\/ajic.com.mx\/2\/wp-content\/uploads\/2023\/12\/Evalua035.png\u00bb title_text=\u00bbEvalua035&#8243; align=\u00bbcenter\u00bb _builder_version=\u00bb4.23.1&#8243; _module_preset=\u00bbdefault\u00bb custom_margin=\u00bb||52px|||\u00bb global_colors_info=\u00bb{}\u00bb][\/et_pb_image][et_pb_video src=\u00bbhttps:\/\/youtu.be\/NGb3K-KdgdY?si=FtkjLR0R96cu_4vE\u00bb _builder_version=\u00bb4.23.1&#8243; _module_preset=\u00bbdefault\u00bb global_colors_info=\u00bb{}\u00bb][\/et_pb_video][et_pb_divider color=\u00bb#09e1c0&#8243; divider_weight=\u00bb6px\u00bb disabled_on=\u00bboff|off|off\u00bb _builder_version=\u00bb4.23.1&#8243; _module_preset=\u00bbdefault\u00bb background_size=\u00bbinitial\u00bb background_position=\u00bbtop_left\u00bb background_repeat=\u00bbrepeat\u00bb max_width=\u00bb100px\u00bb module_alignment=\u00bbleft\u00bb custom_margin=\u00bb||10px|\u00bb animation_style=\u00bbzoom\u00bb animation_direction=\u00bbleft\u00bb global_colors_info=\u00bb{}\u00bb][\/et_pb_divider][\/et_pb_column][\/et_pb_row][\/et_pb_section][et_pb_section fb_built=\u00bb1&#8243; _builder_version=\u00bb4.23.1&#8243; _module_preset=\u00bbdefault\u00bb custom_padding=\u00bb24px||26px|||\u00bb global_colors_info=\u00bb{}\u00bb][et_pb_row column_structure=\u00bb1_2,1_2&#8243; _builder_version=\u00bb4.23.1&#8243; _module_preset=\u00bbdefault\u00bb custom_padding=\u00bb12px|||||\u00bb global_colors_info=\u00bb{}\u00bb][et_pb_column type=\u00bb1_2&#8243; _builder_version=\u00bb4.23.1&#8243; _module_preset=\u00bbdefault\u00bb global_colors_info=\u00bb{}\u00bb][et_pb_image src=\u00bbhttps:\/\/ajic.com.mx\/2\/wp-content\/uploads\/2023\/12\/Graf_Text.png\u00bb title_text=\u00bbGraf_Text\u00bb _builder_version=\u00bb4.23.1&#8243; _module_preset=\u00bbdefault\u00bb global_colors_info=\u00bb{}\u00bb][\/et_pb_image][\/et_pb_column][et_pb_column type=\u00bb1_2&#8243; _builder_version=\u00bb4.23.1&#8243; _module_preset=\u00bbdefault\u00bb global_colors_info=\u00bb{}\u00bb][et_pb_text _builder_version=\u00bb4.23.1&#8243; _module_preset=\u00bbdefault\u00bb header_font=\u00bb|600|||||||\u00bb header_text_align=\u00bbleft\u00bb header_text_color=\u00bb#0C71C3&#8243; header_font_size=\u00bb26px\u00bb width=\u00bb100%\u00bb custom_margin=\u00bb||5px|||\u00bb custom_padding=\u00bb34px|||||\u00bb global_colors_info=\u00bb{}\u00bb]<\/p>\n<h1 class=\"zpheading zpheading-style-none zpheading-align-left \" data-editor=\"true\"><span>MEJORA LA GESTI\u00d3N DE TU PERSONAL<\/span><\/h1>\n<p>[\/et_pb_text][et_pb_text _builder_version=\u00bb4.23.1&#8243; _module_preset=\u00bbdefault\u00bb header_font=\u00bb|600|||||||\u00bb header_text_align=\u00bbleft\u00bb header_text_color=\u00bb#0C71C3&#8243; header_font_size=\u00bb35px\u00bb width=\u00bb100%\u00bb custom_padding=\u00bb14px|||||\u00bb global_colors_info=\u00bb{}\u00bb]<\/p>\n<h1 class=\"zpheading zpheading-style-none zpheading-align-left \" data-editor=\"true\"><span><strong>OBT\u00c9N UN SOFTWARE DE EVALUACI\u00d3N DE DESEMPE\u00d1O Y CLIMA LABORAL<\/strong><\/span><\/h1>\n<p>[\/et_pb_text][et_pb_text _builder_version=\u00bb4.23.1&#8243; _module_preset=\u00bbdefault\u00bb global_colors_info=\u00bb{}\u00bb]<\/p>\n<p><span>Conoce nuestro sistema de evaluaci\u00f3n organizacional que te ayudar\u00e1 a cumplir, implementar y administrar la NOM-035, a trav\u00e9s de herramientas como el test para medir el ambiente, sistemas para llevar el control de cada trabajador y prevenir riesgos psicosociales en tu empresa.<\/span><\/p>\n<p>[\/et_pb_text][et_pb_button button_url=\u00bbhttps:\/\/www.contpaqi.com\/evalua035-v2#Contacto\u00bb button_text=\u00bb\u00a1Quiero CONTPAQi Eval\u00faa035!\u00bb button_alignment=\u00bbcenter\u00bb _builder_version=\u00bb4.23.1&#8243; _module_preset=\u00bbdefault\u00bb custom_button=\u00bbon\u00bb button_text_size=\u00bb17px\u00bb button_text_color=\u00bb#FFFFFF\u00bb button_bg_color=\u00bb#0C71C3&#8243; button_border_radius=\u00bb16px\u00bb global_colors_info=\u00bb{}\u00bb][\/et_pb_button][\/et_pb_column][\/et_pb_row][\/et_pb_section][et_pb_section fb_built=\u00bb1&#8243; _builder_version=\u00bb4.23.1&#8243; _module_preset=\u00bbdefault\u00bb use_background_color_gradient=\u00bbon\u00bb background_color_gradient_stops=\u00bbrgba(0,81,81,0.76) 1%|#3874ff 1%|#88c4dd 100%|#138df1 100%|#88c4dd 100%\u00bb global_colors_info=\u00bb{}\u00bb][et_pb_row column_structure=\u00bb1_4,1_4,1_4,1_4&#8243; _builder_version=\u00bb4.23.1&#8243; _module_preset=\u00bbdefault\u00bb global_colors_info=\u00bb{}\u00bb][et_pb_column type=\u00bb1_4&#8243; _builder_version=\u00bb4.23.1&#8243; _module_preset=\u00bbdefault\u00bb global_colors_info=\u00bb{}\u00bb][et_pb_blurb image_icon_background_color=\u00bb#0C71C3&#8243; image=\u00bbhttps:\/\/ajic.com.mx\/2\/wp-content\/uploads\/2023\/12\/Evalua035_1.png\u00bb _builder_version=\u00bb4.23.1&#8243; _module_preset=\u00bbdefault\u00bb body_text_align=\u00bbjustify\u00bb body_text_color=\u00bb#000000&#8243; body_font_size=\u00bb13px\u00bb background_color=\u00bb#FFFFFF\u00bb text_orientation=\u00bbjustified\u00bb box_shadow_style=\u00bbpreset2&#8243; box_shadow_spread=\u00bb8px\u00bb global_colors_info=\u00bb{}\u00bb]<\/p>\n<p style=\"text-align: center;\"><span>Genera reportes por cada colaborador y agrupalos por \u00e1reas.<\/span><\/p>\n<p style=\"text-align: center;\"><span><\/span><\/p>\n<p style=\"text-align: center;\"><span><\/span><\/p>\n<p>[\/et_pb_blurb][\/et_pb_column][et_pb_column type=\u00bb1_4&#8243; _builder_version=\u00bb4.23.1&#8243; _module_preset=\u00bbdefault\u00bb global_colors_info=\u00bb{}\u00bb][et_pb_blurb image_icon_background_color=\u00bb#0C71C3&#8243; image=\u00bbhttps:\/\/ajic.com.mx\/2\/wp-content\/uploads\/2023\/12\/Evalua035_2.png\u00bb _builder_version=\u00bb4.23.1&#8243; _module_preset=\u00bbdefault\u00bb body_text_align=\u00bbjustify\u00bb body_text_color=\u00bb#000000&#8243; body_font_size=\u00bb13px\u00bb background_color=\u00bb#FFFFFF\u00bb text_orientation=\u00bbjustified\u00bb box_shadow_style=\u00bbpreset2&#8243; box_shadow_spread=\u00bb8px\u00bb global_colors_info=\u00bb{}\u00bb]<\/p>\n<p style=\"text-align: center;\"><span>Cumple con los est\u00e1ndares establecidos en la NOM &#8211; 035.<\/span><span><\/span><\/p>\n<p style=\"text-align: center;\"><span><\/span><\/p>\n<p>[\/et_pb_blurb][\/et_pb_column][et_pb_column type=\u00bb1_4&#8243; _builder_version=\u00bb4.23.1&#8243; _module_preset=\u00bbdefault\u00bb global_colors_info=\u00bb{}\u00bb][et_pb_blurb image_icon_background_color=\u00bb#0C71C3&#8243; image=\u00bbhttps:\/\/ajic.com.mx\/2\/wp-content\/uploads\/2023\/12\/Evalua035_3.png\u00bb _builder_version=\u00bb4.23.1&#8243; _module_preset=\u00bbdefault\u00bb body_text_align=\u00bbjustify\u00bb body_text_color=\u00bb#000000&#8243; body_font_size=\u00bb13px\u00bb background_color=\u00bb#FFFFFF\u00bb text_orientation=\u00bbjustified\u00bb box_shadow_style=\u00bbpreset2&#8243; box_shadow_spread=\u00bb8px\u00bb global_colors_info=\u00bb{}\u00bb]<\/p>\n<p style=\"text-align: center;\"><span>Importa la informaci\u00f3n de tu talento humano a Excel y mejora la toma de decisiones.<\/span><span><\/span><\/p>\n<p style=\"text-align: center;\"><span><\/span><\/p>\n<p>[\/et_pb_blurb][\/et_pb_column][et_pb_column type=\u00bb1_4&#8243; _builder_version=\u00bb4.23.1&#8243; _module_preset=\u00bbdefault\u00bb global_colors_info=\u00bb{}\u00bb][et_pb_blurb image_icon_background_color=\u00bb#0C71C3&#8243; image=\u00bbhttps:\/\/ajic.com.mx\/2\/wp-content\/uploads\/2023\/12\/Evalua035_4.png\u00bb _builder_version=\u00bb4.23.1&#8243; _module_preset=\u00bbdefault\u00bb body_text_align=\u00bbjustify\u00bb body_text_color=\u00bb#000000&#8243; body_font_size=\u00bb13px\u00bb background_color=\u00bb#FFFFFF\u00bb text_orientation=\u00bbjustified\u00bb box_shadow_style=\u00bbpreset2&#8243; box_shadow_spread=\u00bb8px\u00bb global_colors_info=\u00bb{}\u00bb]<\/p>\n<p style=\"text-align: center;\"><span>Crear per\u00edodos\u00a0 de evaluaci\u00f3n con base en departamentos.<\/span><\/p>\n<p style=\"text-align: center;\"><span><\/span><\/p>\n<p style=\"text-align: center;\"><span><\/span><\/p>\n<p>[\/et_pb_blurb][\/et_pb_column][\/et_pb_row][\/et_pb_section][et_pb_section fb_built=\u00bb1&#8243; admin_label=\u00bbOur Courses\u00bb _builder_version=\u00bb4.23.1&#8243; background_color=\u00bb#FFFFFF\u00bb background_image=\u00bbhttps:\/\/ajic.com.mx\/2\/wp-content\/uploads\/2023\/12\/coding-background-texture.jpg\u00bb background_blend=\u00bboverlay\u00bb min_height=\u00bb642.9px\u00bb custom_padding=\u00bb35px|0px|18px|0px||\u00bb box_shadow_style=\u00bbpreset7&#8243; box_shadow_horizontal=\u00bb0px\u00bb box_shadow_vertical=\u00bb-80px\u00bb box_shadow_color=\u00bb#ffffff\u00bb global_colors_info=\u00bb{}\u00bb][et_pb_row column_structure=\u00bb1_2,1_2&#8243; _builder_version=\u00bb4.23.1&#8243; _module_preset=\u00bbdefault\u00bb custom_margin=\u00bb14px|auto|-21px|auto||\u00bb custom_padding=\u00bb27px||105px|||\u00bb global_colors_info=\u00bb{}\u00bb][et_pb_column type=\u00bb1_2&#8243; _builder_version=\u00bb4.23.1&#8243; _module_preset=\u00bbdefault\u00bb global_colors_info=\u00bb{}\u00bb][et_pb_text _builder_version=\u00bb4.23.1&#8243; _module_preset=\u00bbdefault\u00bb header_2_text_color=\u00bb#1255F1&#8243; header_2_font_size=\u00bb20px\u00bb global_colors_info=\u00bb{}\u00bb]<\/p>\n<h2><span>La\u00a0<\/span><strong>seguridad laboral<\/strong><span>\u00a0es un factor que toda empresa debe considerar, por lo que hoy en d\u00eda se ha convertido en una obligaci\u00f3n que se debe cumplir.<\/span><\/h2>\n<p>[\/et_pb_text][et_pb_text _builder_version=\u00bb4.23.1&#8243; _module_preset=\u00bbdefault\u00bb global_colors_info=\u00bb{}\u00bb]<\/p>\n<div><span>La nueva Normativa Oficial Mexicana: NOM-035 proporciona a las directivas de las empresas la capacidad de identificar, prevenir, y en su caso, combatir, las situaciones de estr\u00e9s laboral y riesgo psicol\u00f3gico que puedan desembocar en factores de riesgo psicosocial traducido en bajo desempe\u00f1o y poco orden su entorno organizacional.<\/span><\/div>\n<div><span>\u00a0<\/span><\/div>\n<div><span>Lo \u00fanico que tienes que hacer es aplicar las gu\u00edas de referencia que te ayudar\u00e1n a identificar y tomar medidas de prevenci\u00f3n ante estas situaciones para propiciar un buen ambiente de trabajo.<\/span><\/div>\n<p>[\/et_pb_text][\/et_pb_column][et_pb_column type=\u00bb1_2&#8243; _builder_version=\u00bb4.23.1&#8243; _module_preset=\u00bbdefault\u00bb global_colors_info=\u00bb{}\u00bb][et_pb_image src=\u00bbhttps:\/\/ajic.com.mx\/2\/wp-content\/uploads\/2023\/12\/Evalua_team.jpg\u00bb title_text=\u00bbEvalua_team\u00bb _builder_version=\u00bb4.23.1&#8243; _module_preset=\u00bbdefault\u00bb global_colors_info=\u00bb{}\u00bb][\/et_pb_image][\/et_pb_column][\/et_pb_row][\/et_pb_section][et_pb_section fb_built=\u00bb1&#8243; admin_label=\u00bbTestimonials\u00bb _builder_version=\u00bb4.23.1&#8243; background_color=\u00bb#2144B7&#8243; use_background_color_gradient=\u00bbon\u00bb background_color_gradient_direction=\u00bb80deg\u00bb background_color_gradient_stops=\u00bb#1255f1 0%|#29c4a9 100%\u00bb custom_margin=\u00bb-21px|||||\u00bb custom_padding=\u00bb24px|0px|16px|0px||\u00bb global_colors_info=\u00bb{}\u00bb][et_pb_row column_structure=\u00bb1_2,1_2&#8243; _builder_version=\u00bb4.16&#8243; background_size=\u00bbinitial\u00bb background_position=\u00bbtop_left\u00bb background_repeat=\u00bbrepeat\u00bb custom_padding=\u00bb37px||8px|||\u00bb locked=\u00bboff\u00bb global_colors_info=\u00bb{}\u00bb][et_pb_column type=\u00bb1_2&#8243; _builder_version=\u00bb4.16&#8243; custom_padding=\u00bb|||\u00bb global_colors_info=\u00bb{}\u00bb custom_padding__hover=\u00bb|||\u00bb][et_pb_image src=\u00bbhttps:\/\/ajic.com.mx\/2\/wp-content\/uploads\/2023\/12\/EVALUA_contact.png\u00bb title_text=\u00bbEVALUA_contact\u00bb _builder_version=\u00bb4.23.1&#8243; _module_preset=\u00bbdefault\u00bb global_colors_info=\u00bb{}\u00bb][\/et_pb_image][et_pb_divider color=\u00bb#09e1c0&#8243; divider_weight=\u00bb4px\u00bb disabled_on=\u00bboff|off|off\u00bb _builder_version=\u00bb4.16&#8243; background_size=\u00bbinitial\u00bb background_position=\u00bbtop_left\u00bb background_repeat=\u00bbrepeat\u00bb max_width=\u00bb40px\u00bb module_alignment=\u00bbcenter\u00bb custom_margin=\u00bb||10px|\u00bb animation_style=\u00bbzoom\u00bb animation_direction=\u00bbleft\u00bb saved_tabs=\u00bball\u00bb locked=\u00bboff\u00bb global_colors_info=\u00bb{}\u00bb][\/et_pb_divider][\/et_pb_column][et_pb_column type=\u00bb1_2&#8243; _builder_version=\u00bb4.16&#8243; custom_padding=\u00bb|||\u00bb global_colors_info=\u00bb{}\u00bb custom_padding__hover=\u00bb|||\u00bb][et_pb_text _builder_version=\u00bb4.23.1&#8243; _module_preset=\u00bbdefault\u00bb text_text_color=\u00bb#FFFFFF\u00bb header_2_text_color=\u00bb#FFFFFF\u00bb global_colors_info=\u00bb{}\u00bb]<\/p>\n<h2 class=\"zpheading zpheading-style-none zpheading-align-left \" data-editor=\"true\"><span>Completa tu informaci\u00f3n<\/span><\/h2>\n<p>[\/et_pb_text][et_pb_contact_form title=\u00bbRequiere de mas informaci\u00f3n?\u00bb success_message=\u00bbGracias por contactarnos, un agente de AJIC se pondr\u00e1 en contacto lo mas pronto posible.\u00bb admin_label=\u00bbFormulario contacto prods\u00bb _builder_version=\u00bb4.23.1&#8243; _module_preset=\u00bbdefault\u00bb _unique_id=\u00bbe1ec92f1-318a-4e4f-9455-1c6ff23b6cc3&#8243; captcha_text_color=\u00bb#1255F1&#8243; captcha_font_size=\u00bb16px\u00bb captcha_letter_spacing=\u00bb2px\u00bb custom_button=\u00bbon\u00bb button_text_color=\u00bb#0C71C3&#8243; button_border_color=\u00bb#0C71C3&#8243; button_border_radius=\u00bb18px\u00bb custom_padding=\u00bb51px|||||\u00bb global_colors_info=\u00bb{}\u00bb theme_builder_area=\u00bbpost_content\u00bb][et_pb_contact_field field_id=\u00bbNombre\u00bb field_title=\u00bbNombre\u00bb allowed_symbols=\u00bbletters\u00bb _builder_version=\u00bb4.23.1&#8243; global_colors_info=\u00bb{}\u00bb button_text_size__hover_enabled=\u00bboff\u00bb button_one_text_size__hover_enabled=\u00bboff\u00bb button_two_text_size__hover_enabled=\u00bboff\u00bb button_text_color__hover_enabled=\u00bboff\u00bb button_one_text_color__hover_enabled=\u00bboff\u00bb button_two_text_color__hover_enabled=\u00bboff\u00bb button_border_width__hover_enabled=\u00bboff\u00bb button_one_border_width__hover_enabled=\u00bboff\u00bb button_two_border_width__hover_enabled=\u00bboff\u00bb button_border_color__hover_enabled=\u00bboff\u00bb button_one_border_color__hover_enabled=\u00bboff\u00bb button_two_border_color__hover_enabled=\u00bboff\u00bb button_border_radius__hover_enabled=\u00bboff\u00bb button_one_border_radius__hover_enabled=\u00bboff\u00bb button_two_border_radius__hover_enabled=\u00bboff\u00bb button_letter_spacing__hover_enabled=\u00bboff\u00bb button_one_letter_spacing__hover_enabled=\u00bboff\u00bb button_two_letter_spacing__hover_enabled=\u00bboff\u00bb button_bg_color__hover_enabled=\u00bboff\u00bb button_one_bg_color__hover_enabled=\u00bboff\u00bb button_two_bg_color__hover_enabled=\u00bboff\u00bb theme_builder_area=\u00bbpost_content\u00bb][\/et_pb_contact_field][et_pb_contact_field field_id=\u00bbApellido\u00bb field_title=\u00bbApellido\u00bb allowed_symbols=\u00bbletters\u00bb _builder_version=\u00bb4.18.0&#8243; global_colors_info=\u00bb{}\u00bb button_text_size__hover_enabled=\u00bboff\u00bb button_one_text_size__hover_enabled=\u00bboff\u00bb button_two_text_size__hover_enabled=\u00bboff\u00bb button_text_color__hover_enabled=\u00bboff\u00bb button_one_text_color__hover_enabled=\u00bboff\u00bb button_two_text_color__hover_enabled=\u00bboff\u00bb button_border_width__hover_enabled=\u00bboff\u00bb button_one_border_width__hover_enabled=\u00bboff\u00bb button_two_border_width__hover_enabled=\u00bboff\u00bb button_border_color__hover_enabled=\u00bboff\u00bb button_one_border_color__hover_enabled=\u00bboff\u00bb button_two_border_color__hover_enabled=\u00bboff\u00bb button_border_radius__hover_enabled=\u00bboff\u00bb button_one_border_radius__hover_enabled=\u00bboff\u00bb button_two_border_radius__hover_enabled=\u00bboff\u00bb button_letter_spacing__hover_enabled=\u00bboff\u00bb button_one_letter_spacing__hover_enabled=\u00bboff\u00bb button_two_letter_spacing__hover_enabled=\u00bboff\u00bb button_bg_color__hover_enabled=\u00bboff\u00bb button_one_bg_color__hover_enabled=\u00bboff\u00bb button_two_bg_color__hover_enabled=\u00bboff\u00bb theme_builder_area=\u00bbpost_content\u00bb][\/et_pb_contact_field][et_pb_contact_field field_id=\u00bbTel\u00e9fono\u00bb field_title=\u00bbTel\u00e9fono\u00bb min_length=\u00bb10&#8243; max_length=\u00bb10&#8243; allowed_symbols=\u00bbnumbers\u00bb _builder_version=\u00bb4.23.1&#8243; global_colors_info=\u00bb{}\u00bb button_text_size__hover_enabled=\u00bboff\u00bb button_one_text_size__hover_enabled=\u00bboff\u00bb button_two_text_size__hover_enabled=\u00bboff\u00bb button_text_color__hover_enabled=\u00bboff\u00bb button_one_text_color__hover_enabled=\u00bboff\u00bb button_two_text_color__hover_enabled=\u00bboff\u00bb button_border_width__hover_enabled=\u00bboff\u00bb button_one_border_width__hover_enabled=\u00bboff\u00bb button_two_border_width__hover_enabled=\u00bboff\u00bb button_border_color__hover_enabled=\u00bboff\u00bb button_one_border_color__hover_enabled=\u00bboff\u00bb button_two_border_color__hover_enabled=\u00bboff\u00bb button_border_radius__hover_enabled=\u00bboff\u00bb button_one_border_radius__hover_enabled=\u00bboff\u00bb button_two_border_radius__hover_enabled=\u00bboff\u00bb button_letter_spacing__hover_enabled=\u00bboff\u00bb button_one_letter_spacing__hover_enabled=\u00bboff\u00bb button_two_letter_spacing__hover_enabled=\u00bboff\u00bb button_bg_color__hover_enabled=\u00bboff\u00bb button_one_bg_color__hover_enabled=\u00bboff\u00bb button_two_bg_color__hover_enabled=\u00bboff\u00bb theme_builder_area=\u00bbpost_content\u00bb][\/et_pb_contact_field][et_pb_contact_field field_id=\u00bbEmail\u00bb field_title=\u00bbDirecci\u00f3n de correo electr\u00f3nico\u00bb field_type=\u00bbemail\u00bb _builder_version=\u00bb4.23.1&#8243; global_colors_info=\u00bb{}\u00bb button_text_size__hover_enabled=\u00bboff\u00bb button_one_text_size__hover_enabled=\u00bboff\u00bb button_two_text_size__hover_enabled=\u00bboff\u00bb button_text_color__hover_enabled=\u00bboff\u00bb button_one_text_color__hover_enabled=\u00bboff\u00bb button_two_text_color__hover_enabled=\u00bboff\u00bb button_border_width__hover_enabled=\u00bboff\u00bb button_one_border_width__hover_enabled=\u00bboff\u00bb button_two_border_width__hover_enabled=\u00bboff\u00bb button_border_color__hover_enabled=\u00bboff\u00bb button_one_border_color__hover_enabled=\u00bboff\u00bb button_two_border_color__hover_enabled=\u00bboff\u00bb button_border_radius__hover_enabled=\u00bboff\u00bb button_one_border_radius__hover_enabled=\u00bboff\u00bb button_two_border_radius__hover_enabled=\u00bboff\u00bb button_letter_spacing__hover_enabled=\u00bboff\u00bb button_one_letter_spacing__hover_enabled=\u00bboff\u00bb button_two_letter_spacing__hover_enabled=\u00bboff\u00bb button_bg_color__hover_enabled=\u00bboff\u00bb button_one_bg_color__hover_enabled=\u00bboff\u00bb button_two_bg_color__hover_enabled=\u00bboff\u00bb theme_builder_area=\u00bbpost_content\u00bb][\/et_pb_contact_field][et_pb_contact_field field_id=\u00bbEres\u00bb field_title=\u00bbQue giro eres?\u00bb field_type=\u00bbselect\u00bb select_options=\u00bb%91{%22value%22:%22Empresa%22,%22checked%22:0,%22dragID%22:-1},{%22value%22:%22PyME%22,%22checked%22:0,%22dragID%22:3},{%22value%22:%22Despacho contable%22,%22checked%22:0,%22dragID%22:0},{%22value%22:%22Persona f\u00edsica%22,%22checked%22:0,%22dragID%22:1},{%22value%22:%22Estudiante%22,%22checked%22:0,%22dragID%22:2}%93&#8243; fullwidth_field=\u00bbon\u00bb _builder_version=\u00bb4.23.1&#8243; _module_preset=\u00bbdefault\u00bb global_colors_info=\u00bb{}\u00bb theme_builder_area=\u00bbpost_content\u00bb][\/et_pb_contact_field][et_pb_contact_field field_id=\u00bbRFC\u00bb field_title=\u00bbRFC\u00bb allowed_symbols=\u00bbalphanumeric\u00bb fullwidth_field=\u00bbon\u00bb _builder_version=\u00bb4.23.1&#8243; _module_preset=\u00bbdefault\u00bb global_colors_info=\u00bb{}\u00bb theme_builder_area=\u00bbpost_content\u00bb][\/et_pb_contact_field][et_pb_contact_field field_id=\u00bbMe_interesa_Contpaqi:\u00bb field_title=\u00bbMe interesa Contpaqi:\u00bb field_type=\u00bbselect\u00bb select_options=\u00bb%91{%22value%22:%22Contabilidad%22,%22checked%22:0,%22dragID%22:-1},{%22value%22:%22N\u00f3minas%22,%22checked%22:0,%22dragID%22:0},{%22value%22:%22Bancos%22,%22checked%22:0,%22dragID%22:1},{%22value%22:%22XML%22,%22checked%22:0,%22dragID%22:2},{%22value%22:%22Comercial%22,%22checked%22:0,%22dragID%22:3},{%22value%22:%22Factura electr\u00f3nica%22,%22checked%22:0,%22dragID%22:4},{%22value%22:%22Contabiliza%22,%22checked%22:0,%22dragID%22:5},{%22value%22:%22Despacho%22,%22checked%22:0,%22dragID%22:6},{%22value%22:%22Cobra%22,%22checked%22:0,%22dragID%22:7},{%22value%22:%22Vi\u00e1ticos%22,%22checked%22:0,%22dragID%22:8},{%22value%22:%22Vende%22,%22checked%22:0,%22dragID%22:9},{%22value%22:%22Personia%22,%22checked%22:0,%22dragID%22:10},{%22value%22:%22Otro%22,%22checked%22:0,%22dragID%22:11}%93&#8243; fullwidth_field=\u00bbon\u00bb _builder_version=\u00bb4.23.1&#8243; _module_preset=\u00bbdefault\u00bb global_colors_info=\u00bb{}\u00bb theme_builder_area=\u00bbpost_content\u00bb][\/et_pb_contact_field][\/et_pb_contact_form][\/et_pb_column][\/et_pb_row][\/et_pb_section]<\/p>\n","protected":false},"excerpt":{"rendered":"<p>MEJORA LA GESTI\u00d3N DE TU PERSONALOBT\u00c9N UN SOFTWARE DE EVALUACI\u00d3N DE DESEMPE\u00d1O Y CLIMA LABORALConoce nuestro sistema de evaluaci\u00f3n organizacional que te ayudar\u00e1 a cumplir, implementar y administrar la NOM-035, a trav\u00e9s de herramientas como el test para medir el ambiente, sistemas para llevar el control de cada trabajador y prevenir riesgos psicosociales en tu [&hellip;]<\/p>\n","protected":false},"author":1,"featured_media":0,"parent":0,"menu_order":0,"comment_status":"closed","ping_status":"closed","template":"","meta":{"_et_pb_use_builder":"on","_et_pb_old_content":"","_et_gb_content_width":"","footnotes":""},"class_list":["post-241600","page","type-page","status-publish","hentry"],"_links":{"self":[{"href":"https:\/\/ajic.com.mx\/2\/wp-json\/wp\/v2\/pages\/241600","targetHints":{"allow":["GET"]}}],"collection":[{"href":"https:\/\/ajic.com.mx\/2\/wp-json\/wp\/v2\/pages"}],"about":[{"href":"https:\/\/ajic.com.mx\/2\/wp-json\/wp\/v2\/types\/page"}],"author":[{"embeddable":true,"href":"https:\/\/ajic.com.mx\/2\/wp-json\/wp\/v2\/users\/1"}],"replies":[{"embeddable":true,"href":"https:\/\/ajic.com.mx\/2\/wp-json\/wp\/v2\/comments?post=241600"}],"version-history":[{"count":7,"href":"https:\/\/ajic.com.mx\/2\/wp-json\/wp\/v2\/pages\/241600\/revisions"}],"predecessor-version":[{"id":241869,"href":"https:\/\/ajic.com.mx\/2\/wp-json\/wp\/v2\/pages\/241600\/revisions\/241869"}],"wp:attachment":[{"href":"https:\/\/ajic.com.mx\/2\/wp-json\/wp\/v2\/media?parent=241600"}],"curies":[{"name":"wp","href":"https:\/\/api.w.org\/{rel}","templated":true}]}}