{"id":241629,"date":"2023-12-13T05:02:14","date_gmt":"2023-12-13T11:02:14","guid":{"rendered":"https:\/\/ajic.com.mx\/2\/?page_id=241629"},"modified":"2023-12-14T09:05:05","modified_gmt":"2023-12-14T15:05:05","slug":"contabiliza","status":"publish","type":"page","link":"https:\/\/ajic.com.mx\/2\/contabiliza\/","title":{"rendered":"Contabiliza"},"content":{"rendered":"<p>[et_pb_section fb_built=\u00bb1&#8243; admin_label=\u00bbMarketing Hero\u00bb _builder_version=\u00bb4.23.1&#8243; background_color=\u00bb#005151&#8243; use_background_color_gradient=\u00bbon\u00bb background_color_gradient_stops=\u00bb#ffffff 5%|#d6d6d6 98%\u00bb background_image=\u00bbhttps:\/\/ajic.com.mx\/2\/wp-content\/uploads\/2023\/12\/coding-background-texture.jpg\u00bb background_blend=\u00bboverlay\u00bb custom_padding=\u00bb38px|0px|20px|0px||\u00bb global_colors_info=\u00bb{}\u00bb][et_pb_row _builder_version=\u00bb4.16&#8243; background_size=\u00bbinitial\u00bb background_position=\u00bbtop_left\u00bb background_repeat=\u00bbrepeat\u00bb custom_margin=\u00bb-9px|auto||auto||\u00bb animation_style=\u00bbzoom\u00bb animation_direction=\u00bbbottom\u00bb animation_intensity_zoom=\u00bb6%\u00bb global_colors_info=\u00bb{}\u00bb][et_pb_column type=\u00bb4_4&#8243; _builder_version=\u00bb4.16&#8243; custom_padding=\u00bb|||\u00bb global_colors_info=\u00bb{}\u00bb custom_padding__hover=\u00bb|||\u00bb][et_pb_image src=\u00bbhttps:\/\/ajic.com.mx\/2\/wp-content\/uploads\/2023\/12\/CONTPAQi-Contabiliza.png\u00bb title_text=\u00bbCONTPAQi-Contabiliza\u00bb align=\u00bbcenter\u00bb _builder_version=\u00bb4.23.1&#8243; _module_preset=\u00bbdefault\u00bb custom_margin=\u00bb||52px|||\u00bb global_colors_info=\u00bb{}\u00bb][\/et_pb_image][et_pb_video src=\u00bbhttps:\/\/youtu.be\/WQrPq8Pc_Xc?si=ghEszCL9mM8WWFZb\u00bb _builder_version=\u00bb4.23.1&#8243; _module_preset=\u00bbdefault\u00bb global_colors_info=\u00bb{}\u00bb][\/et_pb_video][et_pb_divider color=\u00bb#09e1c0&#8243; divider_weight=\u00bb6px\u00bb disabled_on=\u00bboff|off|off\u00bb _builder_version=\u00bb4.23.1&#8243; _module_preset=\u00bbdefault\u00bb background_size=\u00bbinitial\u00bb background_position=\u00bbtop_left\u00bb background_repeat=\u00bbrepeat\u00bb max_width=\u00bb100px\u00bb module_alignment=\u00bbleft\u00bb custom_margin=\u00bb||10px|\u00bb animation_style=\u00bbzoom\u00bb animation_direction=\u00bbleft\u00bb global_colors_info=\u00bb{}\u00bb][\/et_pb_divider][\/et_pb_column][\/et_pb_row][\/et_pb_section][et_pb_section fb_built=\u00bb1&#8243; _builder_version=\u00bb4.23.1&#8243; _module_preset=\u00bbdefault\u00bb custom_padding=\u00bb24px||26px|||\u00bb global_colors_info=\u00bb{}\u00bb][et_pb_row column_structure=\u00bb1_2,1_2&#8243; _builder_version=\u00bb4.23.1&#8243; _module_preset=\u00bbdefault\u00bb custom_padding=\u00bb12px|||||\u00bb global_colors_info=\u00bb{}\u00bb][et_pb_column type=\u00bb1_2&#8243; _builder_version=\u00bb4.23.1&#8243; _module_preset=\u00bbdefault\u00bb global_colors_info=\u00bb{}\u00bb][et_pb_image src=\u00bbhttps:\/\/ajic.com.mx\/2\/wp-content\/uploads\/2023\/12\/Graf_Text.png\u00bb title_text=\u00bbGraf_Text\u00bb _builder_version=\u00bb4.23.1&#8243; _module_preset=\u00bbdefault\u00bb global_colors_info=\u00bb{}\u00bb][\/et_pb_image][\/et_pb_column][et_pb_column type=\u00bb1_2&#8243; _builder_version=\u00bb4.23.1&#8243; _module_preset=\u00bbdefault\u00bb global_colors_info=\u00bb{}\u00bb][et_pb_text _builder_version=\u00bb4.23.1&#8243; _module_preset=\u00bbdefault\u00bb header_font=\u00bb|600|||||||\u00bb header_text_align=\u00bbleft\u00bb header_text_color=\u00bb#0C71C3&#8243; header_font_size=\u00bb25px\u00bb width=\u00bb100%\u00bb custom_margin=\u00bb||5px|||\u00bb custom_padding=\u00bb34px|||||\u00bb global_colors_info=\u00bb{}\u00bb]<\/p>\n<h1 class=\"zpheading zpheading-style-none zpheading-align-left \" data-editor=\"true\"><span style=\"font-family: Titillium Web, sans-serif;\">EL SOFTWARE FAVORITO <\/span><span style=\"font-family: Titillium Web, sans-serif;\">\u200b<\/span><span style=\"font-family: Titillium Web, sans-serif;\">DE LOS CONTADORES<\/span><\/h1>\n<p>[\/et_pb_text][et_pb_text _builder_version=\u00bb4.23.1&#8243; _module_preset=\u00bbdefault\u00bb header_font=\u00bb|600|||||||\u00bb header_text_align=\u00bbleft\u00bb header_text_color=\u00bb#0C71C3&#8243; header_font_size=\u00bb35px\u00bb width=\u00bb100%\u00bb custom_padding=\u00bb5px|||||\u00bb global_colors_info=\u00bb{}\u00bb]<\/p>\n<h1 class=\"zpheading zpheading-style-none zpheading-align-left \" data-editor=\"true\"><span><strong>Ahora en la nube<\/strong><\/span><\/h1>\n<p>[\/et_pb_text][et_pb_text _builder_version=\u00bb4.23.1&#8243; _module_preset=\u00bbdefault\u00bb header_3_text_color=\u00bb#1255F1&#8243; header_4_text_color=\u00bb#0C71C3&#8243; custom_margin=\u00bb-25px|||||\u00bb custom_padding=\u00bb0px|||||\u00bb global_colors_info=\u00bb{}\u00bb]<\/p>\n<h4><span>Lleva toda tu informaci\u00f3n contable en la nube con CONTPAQi\u00ae Contabiliza.<\/span><\/h4>\n<p>[\/et_pb_text][et_pb_text _builder_version=\u00bb4.23.1&#8243; _module_preset=\u00bbdefault\u00bb custom_margin=\u00bb-16px|||||\u00bb global_colors_info=\u00bb{}\u00bb]<\/p>\n<p><span>Nuestra nueva soluci\u00f3n de contabilidad en la nube te dar\u00e1 nuevas posibilidades en tu trabajo, ahora podr\u00e1s tener un completo control y visibilidad de todos tus datos contables en una sola cuenta, para que tu contabilidad est\u00e9 al d\u00eda y en cualquier lugar conectado a internet<\/span><\/p>\n<p>[\/et_pb_text][et_pb_button button_url=\u00bbhttps:\/\/www.contpaqi.com\/contabiliza#Contacto\u00bb button_text=\u00bb\u00a1Quiero CONTPAQi Contabiliza!\u00bb button_alignment=\u00bbcenter\u00bb _builder_version=\u00bb4.23.1&#8243; _module_preset=\u00bbdefault\u00bb custom_button=\u00bbon\u00bb button_text_size=\u00bb17px\u00bb button_text_color=\u00bb#FFFFFF\u00bb button_bg_color=\u00bb#138DF1&#8243; button_border_radius=\u00bb16px\u00bb global_colors_info=\u00bb{}\u00bb][\/et_pb_button][\/et_pb_column][\/et_pb_row][\/et_pb_section][et_pb_section fb_built=\u00bb1&#8243; _builder_version=\u00bb4.23.1&#8243; _module_preset=\u00bbdefault\u00bb use_background_color_gradient=\u00bbon\u00bb background_color_gradient_stops=\u00bb#138df1 0%|rgba(0,81,81,0.76) 0%|#88c4dd 0%|rgba(115, 176, 225, 1) 0%|#1255f1 99%|#88c4dd 100%\u00bb global_colors_info=\u00bb{}\u00bb][et_pb_row column_structure=\u00bb1_3,1_3,1_3&#8243; _builder_version=\u00bb4.23.1&#8243; _module_preset=\u00bbdefault\u00bb global_colors_info=\u00bb{}\u00bb][et_pb_column type=\u00bb1_3&#8243; _builder_version=\u00bb4.23.1&#8243; _module_preset=\u00bbdefault\u00bb global_colors_info=\u00bb{}\u00bb][et_pb_image src=\u00bbhttps:\/\/ajic.com.mx\/2\/wp-content\/uploads\/2023\/12\/contabiliza-01.png\u00bb title_text=\u00bbcontabiliza-01&#8243; align=\u00bbcenter\u00bb _builder_version=\u00bb4.23.1&#8243; _module_preset=\u00bbdefault\u00bb global_colors_info=\u00bb{}\u00bb][\/et_pb_image][et_pb_blurb image_icon_background_color=\u00bb#0C71C3&#8243; image_icon_width=\u00bb128%\u00bb _builder_version=\u00bb4.23.1&#8243; _module_preset=\u00bbdefault\u00bb body_text_align=\u00bbjustify\u00bb body_text_color=\u00bb#000000&#8243; background_color=\u00bb#FFFFFF\u00bb text_orientation=\u00bbjustified\u00bb border_radii=\u00bbon|10px|10px|10px|10px\u00bb box_shadow_style=\u00bbpreset2&#8243; box_shadow_spread=\u00bb8px\u00bb global_colors_info=\u00bb{}\u00bb]<\/p>\n<p style=\"text-align: center;\"><strong>F\u00c1CIL<\/strong><\/p>\n<p style=\"text-align: center;\"><span>Utiliza una sola cuenta para acceder a todas tus aplicaciones.<\/span><span><\/span><\/p>\n<p style=\"text-align: center;\"><span><\/span><\/p>\n<p>[\/et_pb_blurb][\/et_pb_column][et_pb_column type=\u00bb1_3&#8243; _builder_version=\u00bb4.23.1&#8243; _module_preset=\u00bbdefault\u00bb global_colors_info=\u00bb{}\u00bb][et_pb_image src=\u00bbhttps:\/\/ajic.com.mx\/2\/wp-content\/uploads\/2023\/12\/contabiliza-02.png\u00bb title_text=\u00bbcontabiliza-02&#8243; align=\u00bbcenter\u00bb _builder_version=\u00bb4.23.1&#8243; _module_preset=\u00bbdefault\u00bb global_colors_info=\u00bb{}\u00bb][\/et_pb_image][et_pb_blurb image_icon_background_color=\u00bb#0C71C3&#8243; _builder_version=\u00bb4.23.1&#8243; _module_preset=\u00bbdefault\u00bb body_text_align=\u00bbjustify\u00bb body_text_color=\u00bb#000000&#8243; background_color=\u00bb#FFFFFF\u00bb text_orientation=\u00bbjustified\u00bb border_radii=\u00bbon|10px|10px|10px|10px\u00bb box_shadow_style=\u00bbpreset2&#8243; box_shadow_spread=\u00bb8px\u00bb global_colors_info=\u00bb{}\u00bb]<\/p>\n<p style=\"text-align: center;\"><strong>COLABORATIVA<\/strong><\/p>\n<p style=\"text-align: center;\"><span>Invita a colaborar a otros sin necesidad de estar en el mismo lugar.<\/span><\/p>\n<p style=\"text-align: center;\"><span><\/span><\/p>\n<p>[\/et_pb_blurb][\/et_pb_column][et_pb_column type=\u00bb1_3&#8243; _builder_version=\u00bb4.23.1&#8243; _module_preset=\u00bbdefault\u00bb global_colors_info=\u00bb{}\u00bb][et_pb_image src=\u00bbhttps:\/\/ajic.com.mx\/2\/wp-content\/uploads\/2023\/12\/contabiliza-03.png\u00bb title_text=\u00bbcontabiliza-03&#8243; align=\u00bbcenter\u00bb _builder_version=\u00bb4.23.1&#8243; _module_preset=\u00bbdefault\u00bb global_colors_info=\u00bb{}\u00bb][\/et_pb_image][et_pb_blurb image_icon_background_color=\u00bb#0C71C3&#8243; _builder_version=\u00bb4.23.1&#8243; _module_preset=\u00bbdefault\u00bb body_text_align=\u00bbjustify\u00bb body_text_color=\u00bb#000000&#8243; background_color=\u00bb#FFFFFF\u00bb text_orientation=\u00bbjustified\u00bb border_radii=\u00bbon|10px|10px|10px|10px\u00bb box_shadow_style=\u00bbpreset2&#8243; box_shadow_spread=\u00bb8px\u00bb global_colors_info=\u00bb{}\u00bb]<\/p>\n<p style=\"text-align: center;\"><strong>SEGURA<\/strong><\/p>\n<p style=\"text-align: center;\"><span>Tu informaci\u00f3n segura en servidores con altos niveles de seguridad.<\/span><\/p>\n<p>[\/et_pb_blurb][\/et_pb_column][\/et_pb_row][\/et_pb_section][et_pb_section fb_built=\u00bb1&#8243; admin_label=\u00bbOur Courses\u00bb _builder_version=\u00bb4.23.1&#8243; background_color=\u00bb#FFFFFF\u00bb background_image=\u00bbhttps:\/\/ajic.com.mx\/2\/wp-content\/uploads\/2023\/12\/coding-background-texture.jpg\u00bb background_blend=\u00bboverlay\u00bb min_height=\u00bb642.9px\u00bb custom_padding=\u00bb35px|0px|18px|0px||\u00bb box_shadow_style=\u00bbpreset7&#8243; box_shadow_horizontal=\u00bb0px\u00bb box_shadow_vertical=\u00bb-80px\u00bb box_shadow_color=\u00bb#ffffff\u00bb global_colors_info=\u00bb{}\u00bb][et_pb_row _builder_version=\u00bb4.23.1&#8243; _module_preset=\u00bbdefault\u00bb global_colors_info=\u00bb{}\u00bb][et_pb_column type=\u00bb4_4&#8243; _builder_version=\u00bb4.23.1&#8243; _module_preset=\u00bbdefault\u00bb global_colors_info=\u00bb{}\u00bb][et_pb_image src=\u00bbhttps:\/\/ajic.com.mx\/2\/wp-content\/uploads\/2023\/12\/contabiliza_tabla.jpg\u00bb title_text=\u00bbcontabiliza_tabla\u00bb _builder_version=\u00bb4.23.1&#8243; _module_preset=\u00bbdefault\u00bb global_colors_info=\u00bb{}\u00bb][\/et_pb_image][\/et_pb_column][\/et_pb_row][\/et_pb_section][et_pb_section fb_built=\u00bb1&#8243; admin_label=\u00bbTestimonials\u00bb _builder_version=\u00bb4.23.1&#8243; background_color=\u00bb#2144B7&#8243; use_background_color_gradient=\u00bbon\u00bb background_color_gradient_direction=\u00bb80deg\u00bb background_color_gradient_stops=\u00bb#1255f1 0%|#29c4a9 100%\u00bb custom_margin=\u00bb-21px|||||\u00bb custom_padding=\u00bb24px|0px|16px|0px||\u00bb global_colors_info=\u00bb{}\u00bb][et_pb_row column_structure=\u00bb1_2,1_2&#8243; _builder_version=\u00bb4.16&#8243; background_size=\u00bbinitial\u00bb background_position=\u00bbtop_left\u00bb background_repeat=\u00bbrepeat\u00bb custom_padding=\u00bb37px||8px|||\u00bb locked=\u00bboff\u00bb global_colors_info=\u00bb{}\u00bb][et_pb_column type=\u00bb1_2&#8243; _builder_version=\u00bb4.16&#8243; custom_padding=\u00bb|||\u00bb global_colors_info=\u00bb{}\u00bb custom_padding__hover=\u00bb|||\u00bb][et_pb_image src=\u00bbhttps:\/\/ajic.com.mx\/2\/wp-content\/uploads\/2023\/12\/producto-contabiliza.png\u00bb title_text=\u00bbproducto-contabiliza\u00bb _builder_version=\u00bb4.23.1&#8243; _module_preset=\u00bbdefault\u00bb global_colors_info=\u00bb{}\u00bb][\/et_pb_image][et_pb_divider color=\u00bb#1255F1&#8243; divider_weight=\u00bb4px\u00bb disabled_on=\u00bboff|off|off\u00bb _builder_version=\u00bb4.23.1&#8243; background_size=\u00bbinitial\u00bb background_position=\u00bbtop_left\u00bb background_repeat=\u00bbrepeat\u00bb max_width=\u00bb40px\u00bb module_alignment=\u00bbcenter\u00bb custom_margin=\u00bb||10px|\u00bb animation_style=\u00bbzoom\u00bb animation_direction=\u00bbleft\u00bb saved_tabs=\u00bball\u00bb locked=\u00bboff\u00bb global_colors_info=\u00bb{}\u00bb][\/et_pb_divider][\/et_pb_column][et_pb_column type=\u00bb1_2&#8243; _builder_version=\u00bb4.16&#8243; custom_padding=\u00bb|||\u00bb global_colors_info=\u00bb{}\u00bb custom_padding__hover=\u00bb|||\u00bb][et_pb_text _builder_version=\u00bb4.23.1&#8243; _module_preset=\u00bbdefault\u00bb text_text_color=\u00bb#FFFFFF\u00bb header_2_text_color=\u00bb#FFFFFF\u00bb global_colors_info=\u00bb{}\u00bb]<\/p>\n<h2 class=\"zpheading zpheading-style-none zpheading-align-left \" data-editor=\"true\"><span>Completa tu informaci\u00f3n<\/span><\/h2>\n<p>[\/et_pb_text][et_pb_contact_form title=\u00bbRequiere de mas informaci\u00f3n?\u00bb success_message=\u00bbGracias por contactarnos, un agente de AJIC se pondr\u00e1 en contacto lo mas pronto posible.\u00bb admin_label=\u00bbFormulario contacto prods\u00bb _builder_version=\u00bb4.23.1&#8243; _module_preset=\u00bbdefault\u00bb _unique_id=\u00bbe1ec92f1-318a-4e4f-9455-1c6ff23b6cc3&#8243; captcha_text_color=\u00bb#1255F1&#8243; captcha_font_size=\u00bb16px\u00bb captcha_letter_spacing=\u00bb2px\u00bb custom_button=\u00bbon\u00bb button_text_color=\u00bb#0C71C3&#8243; button_border_color=\u00bb#0C71C3&#8243; button_border_radius=\u00bb18px\u00bb custom_padding=\u00bb51px|||||\u00bb global_colors_info=\u00bb{}\u00bb theme_builder_area=\u00bbpost_content\u00bb][et_pb_contact_field field_id=\u00bbNombre\u00bb field_title=\u00bbNombre\u00bb allowed_symbols=\u00bbletters\u00bb _builder_version=\u00bb4.23.1&#8243; global_colors_info=\u00bb{}\u00bb button_text_size__hover_enabled=\u00bboff\u00bb button_one_text_size__hover_enabled=\u00bboff\u00bb button_two_text_size__hover_enabled=\u00bboff\u00bb button_text_color__hover_enabled=\u00bboff\u00bb button_one_text_color__hover_enabled=\u00bboff\u00bb button_two_text_color__hover_enabled=\u00bboff\u00bb button_border_width__hover_enabled=\u00bboff\u00bb button_one_border_width__hover_enabled=\u00bboff\u00bb button_two_border_width__hover_enabled=\u00bboff\u00bb button_border_color__hover_enabled=\u00bboff\u00bb button_one_border_color__hover_enabled=\u00bboff\u00bb button_two_border_color__hover_enabled=\u00bboff\u00bb button_border_radius__hover_enabled=\u00bboff\u00bb button_one_border_radius__hover_enabled=\u00bboff\u00bb button_two_border_radius__hover_enabled=\u00bboff\u00bb button_letter_spacing__hover_enabled=\u00bboff\u00bb button_one_letter_spacing__hover_enabled=\u00bboff\u00bb button_two_letter_spacing__hover_enabled=\u00bboff\u00bb button_bg_color__hover_enabled=\u00bboff\u00bb button_one_bg_color__hover_enabled=\u00bboff\u00bb button_two_bg_color__hover_enabled=\u00bboff\u00bb theme_builder_area=\u00bbpost_content\u00bb][\/et_pb_contact_field][et_pb_contact_field field_id=\u00bbApellido\u00bb field_title=\u00bbApellido\u00bb allowed_symbols=\u00bbletters\u00bb _builder_version=\u00bb4.18.0&#8243; global_colors_info=\u00bb{}\u00bb button_text_size__hover_enabled=\u00bboff\u00bb button_one_text_size__hover_enabled=\u00bboff\u00bb button_two_text_size__hover_enabled=\u00bboff\u00bb button_text_color__hover_enabled=\u00bboff\u00bb button_one_text_color__hover_enabled=\u00bboff\u00bb button_two_text_color__hover_enabled=\u00bboff\u00bb button_border_width__hover_enabled=\u00bboff\u00bb button_one_border_width__hover_enabled=\u00bboff\u00bb button_two_border_width__hover_enabled=\u00bboff\u00bb button_border_color__hover_enabled=\u00bboff\u00bb button_one_border_color__hover_enabled=\u00bboff\u00bb button_two_border_color__hover_enabled=\u00bboff\u00bb button_border_radius__hover_enabled=\u00bboff\u00bb button_one_border_radius__hover_enabled=\u00bboff\u00bb button_two_border_radius__hover_enabled=\u00bboff\u00bb button_letter_spacing__hover_enabled=\u00bboff\u00bb button_one_letter_spacing__hover_enabled=\u00bboff\u00bb button_two_letter_spacing__hover_enabled=\u00bboff\u00bb button_bg_color__hover_enabled=\u00bboff\u00bb button_one_bg_color__hover_enabled=\u00bboff\u00bb button_two_bg_color__hover_enabled=\u00bboff\u00bb theme_builder_area=\u00bbpost_content\u00bb][\/et_pb_contact_field][et_pb_contact_field field_id=\u00bbTel\u00e9fono\u00bb field_title=\u00bbTel\u00e9fono\u00bb min_length=\u00bb10&#8243; max_length=\u00bb10&#8243; allowed_symbols=\u00bbnumbers\u00bb _builder_version=\u00bb4.23.1&#8243; global_colors_info=\u00bb{}\u00bb button_text_size__hover_enabled=\u00bboff\u00bb button_one_text_size__hover_enabled=\u00bboff\u00bb button_two_text_size__hover_enabled=\u00bboff\u00bb button_text_color__hover_enabled=\u00bboff\u00bb button_one_text_color__hover_enabled=\u00bboff\u00bb button_two_text_color__hover_enabled=\u00bboff\u00bb button_border_width__hover_enabled=\u00bboff\u00bb button_one_border_width__hover_enabled=\u00bboff\u00bb button_two_border_width__hover_enabled=\u00bboff\u00bb button_border_color__hover_enabled=\u00bboff\u00bb button_one_border_color__hover_enabled=\u00bboff\u00bb button_two_border_color__hover_enabled=\u00bboff\u00bb button_border_radius__hover_enabled=\u00bboff\u00bb button_one_border_radius__hover_enabled=\u00bboff\u00bb button_two_border_radius__hover_enabled=\u00bboff\u00bb button_letter_spacing__hover_enabled=\u00bboff\u00bb button_one_letter_spacing__hover_enabled=\u00bboff\u00bb button_two_letter_spacing__hover_enabled=\u00bboff\u00bb button_bg_color__hover_enabled=\u00bboff\u00bb button_one_bg_color__hover_enabled=\u00bboff\u00bb button_two_bg_color__hover_enabled=\u00bboff\u00bb theme_builder_area=\u00bbpost_content\u00bb][\/et_pb_contact_field][et_pb_contact_field field_id=\u00bbEmail\u00bb field_title=\u00bbDirecci\u00f3n de correo electr\u00f3nico\u00bb field_type=\u00bbemail\u00bb _builder_version=\u00bb4.23.1&#8243; global_colors_info=\u00bb{}\u00bb button_text_size__hover_enabled=\u00bboff\u00bb button_one_text_size__hover_enabled=\u00bboff\u00bb button_two_text_size__hover_enabled=\u00bboff\u00bb button_text_color__hover_enabled=\u00bboff\u00bb button_one_text_color__hover_enabled=\u00bboff\u00bb button_two_text_color__hover_enabled=\u00bboff\u00bb button_border_width__hover_enabled=\u00bboff\u00bb button_one_border_width__hover_enabled=\u00bboff\u00bb button_two_border_width__hover_enabled=\u00bboff\u00bb button_border_color__hover_enabled=\u00bboff\u00bb button_one_border_color__hover_enabled=\u00bboff\u00bb button_two_border_color__hover_enabled=\u00bboff\u00bb button_border_radius__hover_enabled=\u00bboff\u00bb button_one_border_radius__hover_enabled=\u00bboff\u00bb button_two_border_radius__hover_enabled=\u00bboff\u00bb button_letter_spacing__hover_enabled=\u00bboff\u00bb button_one_letter_spacing__hover_enabled=\u00bboff\u00bb button_two_letter_spacing__hover_enabled=\u00bboff\u00bb button_bg_color__hover_enabled=\u00bboff\u00bb button_one_bg_color__hover_enabled=\u00bboff\u00bb button_two_bg_color__hover_enabled=\u00bboff\u00bb theme_builder_area=\u00bbpost_content\u00bb][\/et_pb_contact_field][et_pb_contact_field field_id=\u00bbEres\u00bb field_title=\u00bbQue giro eres?\u00bb field_type=\u00bbselect\u00bb select_options=\u00bb%91{%22value%22:%22Empresa%22,%22checked%22:0,%22dragID%22:-1},{%22value%22:%22PyME%22,%22checked%22:0,%22dragID%22:3},{%22value%22:%22Despacho contable%22,%22checked%22:0,%22dragID%22:0},{%22value%22:%22Persona f\u00edsica%22,%22checked%22:0,%22dragID%22:1},{%22value%22:%22Estudiante%22,%22checked%22:0,%22dragID%22:2}%93&#8243; fullwidth_field=\u00bbon\u00bb _builder_version=\u00bb4.23.1&#8243; _module_preset=\u00bbdefault\u00bb global_colors_info=\u00bb{}\u00bb theme_builder_area=\u00bbpost_content\u00bb][\/et_pb_contact_field][et_pb_contact_field field_id=\u00bbRFC\u00bb field_title=\u00bbRFC\u00bb allowed_symbols=\u00bbalphanumeric\u00bb fullwidth_field=\u00bbon\u00bb _builder_version=\u00bb4.23.1&#8243; _module_preset=\u00bbdefault\u00bb global_colors_info=\u00bb{}\u00bb theme_builder_area=\u00bbpost_content\u00bb][\/et_pb_contact_field][et_pb_contact_field field_id=\u00bbMe_interesa_Contpaqi:\u00bb field_title=\u00bbMe interesa Contpaqi:\u00bb field_type=\u00bbselect\u00bb select_options=\u00bb%91{%22value%22:%22Contabilidad%22,%22checked%22:0,%22dragID%22:-1},{%22value%22:%22N\u00f3minas%22,%22checked%22:0,%22dragID%22:0},{%22value%22:%22Bancos%22,%22checked%22:0,%22dragID%22:1},{%22value%22:%22XML%22,%22checked%22:0,%22dragID%22:2},{%22value%22:%22Comercial%22,%22checked%22:0,%22dragID%22:3},{%22value%22:%22Factura electr\u00f3nica%22,%22checked%22:0,%22dragID%22:4},{%22value%22:%22Contabiliza%22,%22checked%22:0,%22dragID%22:5},{%22value%22:%22Despacho%22,%22checked%22:0,%22dragID%22:6},{%22value%22:%22Cobra%22,%22checked%22:0,%22dragID%22:7},{%22value%22:%22Vi\u00e1ticos%22,%22checked%22:0,%22dragID%22:8},{%22value%22:%22Vende%22,%22checked%22:0,%22dragID%22:9},{%22value%22:%22Personia%22,%22checked%22:0,%22dragID%22:10},{%22value%22:%22Otro%22,%22checked%22:0,%22dragID%22:11}%93&#8243; fullwidth_field=\u00bbon\u00bb _builder_version=\u00bb4.23.1&#8243; _module_preset=\u00bbdefault\u00bb global_colors_info=\u00bb{}\u00bb theme_builder_area=\u00bbpost_content\u00bb][\/et_pb_contact_field][\/et_pb_contact_form][\/et_pb_column][\/et_pb_row][\/et_pb_section]<\/p>\n","protected":false},"excerpt":{"rendered":"<p>EL SOFTWARE FAVORITO \u200bDE LOS CONTADORESAhora en la nubeLleva toda tu informaci\u00f3n contable en la nube con CONTPAQi\u00ae Contabiliza.Nuestra nueva soluci\u00f3n de contabilidad en la nube te dar\u00e1 nuevas posibilidades en tu trabajo, ahora podr\u00e1s tener un completo control y visibilidad de todos tus datos contables en una sola cuenta, para que tu contabilidad est\u00e9 [&hellip;]<\/p>\n","protected":false},"author":1,"featured_media":0,"parent":0,"menu_order":0,"comment_status":"closed","ping_status":"closed","template":"","meta":{"_et_pb_use_builder":"on","_et_pb_old_content":"","_et_gb_content_width":"","footnotes":""},"class_list":["post-241629","page","type-page","status-publish","hentry"],"_links":{"self":[{"href":"https:\/\/ajic.com.mx\/2\/wp-json\/wp\/v2\/pages\/241629","targetHints":{"allow":["GET"]}}],"collection":[{"href":"https:\/\/ajic.com.mx\/2\/wp-json\/wp\/v2\/pages"}],"about":[{"href":"https:\/\/ajic.com.mx\/2\/wp-json\/wp\/v2\/types\/page"}],"author":[{"embeddable":true,"href":"https:\/\/ajic.com.mx\/2\/wp-json\/wp\/v2\/users\/1"}],"replies":[{"embeddable":true,"href":"https:\/\/ajic.com.mx\/2\/wp-json\/wp\/v2\/comments?post=241629"}],"version-history":[{"count":6,"href":"https:\/\/ajic.com.mx\/2\/wp-json\/wp\/v2\/pages\/241629\/revisions"}],"predecessor-version":[{"id":241865,"href":"https:\/\/ajic.com.mx\/2\/wp-json\/wp\/v2\/pages\/241629\/revisions\/241865"}],"wp:attachment":[{"href":"https:\/\/ajic.com.mx\/2\/wp-json\/wp\/v2\/media?parent=241629"}],"curies":[{"name":"wp","href":"https:\/\/api.w.org\/{rel}","templated":true}]}}