{"id":241745,"date":"2023-12-13T10:25:56","date_gmt":"2023-12-13T16:25:56","guid":{"rendered":"https:\/\/ajic.com.mx\/2\/?page_id=241745"},"modified":"2023-12-14T09:06:42","modified_gmt":"2023-12-14T15:06:42","slug":"escritorio-virtual","status":"publish","type":"page","link":"https:\/\/ajic.com.mx\/2\/escritorio-virtual\/","title":{"rendered":"Escritorio Virtual"},"content":{"rendered":"<p>[et_pb_section fb_built=\u00bb1&#8243; admin_label=\u00bbMarketing Hero\u00bb _builder_version=\u00bb4.23.1&#8243; background_color=\u00bb#005151&#8243; use_background_color_gradient=\u00bbon\u00bb background_color_gradient_stops=\u00bb#2144b7 5%|#0c71c3 98%\u00bb background_image=\u00bbhttps:\/\/ajic.com.mx\/2\/wp-content\/uploads\/2023\/12\/coding-background-texture.jpg\u00bb background_blend=\u00bboverlay\u00bb custom_padding=\u00bb38px|0px|20px|0px||\u00bb global_colors_info=\u00bb{}\u00bb][et_pb_row _builder_version=\u00bb4.16&#8243; background_size=\u00bbinitial\u00bb background_position=\u00bbtop_left\u00bb background_repeat=\u00bbrepeat\u00bb custom_margin=\u00bb-9px|auto||auto||\u00bb animation_style=\u00bbzoom\u00bb animation_direction=\u00bbbottom\u00bb animation_intensity_zoom=\u00bb6%\u00bb global_colors_info=\u00bb{}\u00bb][et_pb_column type=\u00bb4_4&#8243; _builder_version=\u00bb4.16&#8243; custom_padding=\u00bb|||\u00bb global_colors_info=\u00bb{}\u00bb custom_padding__hover=\u00bb|||\u00bb][et_pb_image src=\u00bbhttps:\/\/ajic.com.mx\/2\/wp-content\/uploads\/2023\/12\/escritorio.png\u00bb title_text=\u00bbescritorio\u00bb align=\u00bbcenter\u00bb _builder_version=\u00bb4.23.1&#8243; _module_preset=\u00bbdefault\u00bb custom_margin=\u00bb||52px|||\u00bb global_colors_info=\u00bb{}\u00bb][\/et_pb_image][et_pb_text _builder_version=\u00bb4.23.1&#8243; _module_preset=\u00bbdefault\u00bb header_font=\u00bb|800|||||||\u00bb header_text_align=\u00bbcenter\u00bb header_text_color=\u00bb#FFFFFF\u00bb global_colors_info=\u00bb{}\u00bb]<\/p>\n<h1><span>ACCEDE A TU CONTABILIDAD\u00a0<\/span><span>EN LA NUBE DESDE CUALQUIER LUGAR<\/span><\/h1>\n<p>[\/et_pb_text][et_pb_text _builder_version=\u00bb4.23.1&#8243; _module_preset=\u00bbdefault\u00bb text_text_color=\u00bb#FFFFFF\u00bb text_orientation=\u00bbcenter\u00bb global_colors_info=\u00bb{}\u00bb]<\/p>\n<p><span>Convierte cualquier espacio en tu oficina gracias a nuestra herramienta de Escritorio Virtual, en la cual podr\u00e1s acceder a sistemas CONTPAQi y continuar con tus operaciones sin importar en donde se encuentren.<\/span><\/p>\n<p>[\/et_pb_text][\/et_pb_column][\/et_pb_row][\/et_pb_section][et_pb_section fb_built=\u00bb1&#8243; _builder_version=\u00bb4.23.1&#8243; _module_preset=\u00bbdefault\u00bb custom_padding=\u00bb24px||26px|||\u00bb global_colors_info=\u00bb{}\u00bb][et_pb_row _builder_version=\u00bb4.23.1&#8243; _module_preset=\u00bbdefault\u00bb custom_padding=\u00bb12px|||||\u00bb global_colors_info=\u00bb{}\u00bb][et_pb_column type=\u00bb4_4&#8243; _builder_version=\u00bb4.23.1&#8243; _module_preset=\u00bbdefault\u00bb global_colors_info=\u00bb{}\u00bb][et_pb_text _builder_version=\u00bb4.23.1&#8243; _module_preset=\u00bbdefault\u00bb header_2_text_color=\u00bb#0C71C3&#8243; header_2_font_size=\u00bb22px\u00bb header_3_text_color=\u00bb#0C71C3&#8243; global_colors_info=\u00bb{}\u00bb]<\/p>\n<h2 class=\"zpheading zpheading-style-none zpheading-align-left \" data-editor=\"true\" style=\"text-align: center;\"><span style=\"color: #3366ff;\">TODOS NUESTROS SERVICIOS EN LA NUBE PARA EMPRESAS A TU ALCANCE EN UN SOLO LUGAR.<\/span><\/h2>\n<p>[\/et_pb_text][et_pb_text _builder_version=\u00bb4.23.1&#8243; _module_preset=\u00bbdefault\u00bb custom_margin=\u00bb-16px|||||\u00bb global_colors_info=\u00bb{}\u00bb]<\/p>\n<p style=\"text-align: center;\"><span>Descubre c\u00f3mo funciona nuestro Escritorio Virtual, el cual mejorar\u00e1 la movilidad de tu equipo y brindar\u00e1 una gran accesibilidad para impulsar el flujo de tus operaciones desde cualquier espacio.<\/span><\/p>\n<p>[\/et_pb_text][et_pb_video src=\u00bbhttps:\/\/youtu.be\/suP8coLFBQk?si=E1mIBU3N1lSNBqXV\u00bb _builder_version=\u00bb4.23.1&#8243; _module_preset=\u00bbdefault\u00bb global_colors_info=\u00bb{}\u00bb][\/et_pb_video][\/et_pb_column][\/et_pb_row][et_pb_row _builder_version=\u00bb4.23.1&#8243; _module_preset=\u00bbdefault\u00bb global_colors_info=\u00bb{}\u00bb][et_pb_column type=\u00bb4_4&#8243; _builder_version=\u00bb4.23.1&#8243; _module_preset=\u00bbdefault\u00bb global_colors_info=\u00bb{}\u00bb][et_pb_text _builder_version=\u00bb4.23.1&#8243; _module_preset=\u00bbdefault\u00bb header_2_text_color=\u00bb#2144B7&#8243; global_colors_info=\u00bb{}\u00bb]<\/p>\n<div data-element-id=\"elm_I9KjzfrZS6XQ4yAxRBQAAA\" data-element-type=\"heading\" class=\"zpelement zpelem-heading \">\n<h2 class=\"zpheading zpheading-style-none zpheading-align-left \" data-editor=\"true\"><span>CONOCE LOS BENEFICIOS DEL ESCRITORIO VIRTUAL DE CONTPAQi.<\/span><\/h2>\n<\/div>\n<div class=\"zpelement zpelem-carousel \" data-element-id=\"elm_lSl4K8XaJr2cSbzfzybD_Q\" data-element-type=\"carousel\" data-currentslide-index=\"0\" data-transition=\"slide_left\" data-slider-interval=\"5000\" data-zs-autoslide=\"true\" data-zs-slider=\"min-height-el: zpcarousel-content-container;arrow-cont: zpcarousel-arrows-container; active-controller: zpcarousel-controller-active; controller-cont: zpcarousel-controller-container; controller: zpcarousel-controller; right-arrow: zpcarousel-arrow-right; left-arrow: zpcarousel-arrow-left;active-slide:zpcarousel-content-active; slide: zpcarousel-content; slides-cont: zpcarousel-content-container;content-cont : zpcarousel-content-inner; background: false;\">\n<div class=\"zpcarousel-container zpcarousel-style-01\">\n<div class=\"zpcarousel-content-container zpapply-height\">\n<div class=\"zpelement zpcarousel-content                    slideInRight zpcarousel-content-active\" data-element-type=\"carouselslide\" data-element-id=\"elm_RvKo8IhzCA-6hkjFYszLAw\" data-slide-name=\"Slide 3\">\n<div class=\"zpcarousel-content-inner\">\n<div data-element-id=\"elm_y4TeiuENLifnJYlLhwp_NA\" data-element-type=\"row\" class=\"zprow zpalign-items-flex-start zpjustify-content-flex-start zpdefault-section zpdefault-section-bg \">\n<div data-element-id=\"elm_BZaMfc7IeA2TaucI5jhIFQ\" data-element-type=\"column\" class=\"zpelem-col zpcol-md-12 zpcol-sm-12 zpalign-self- zpdefault-section zpdefault-section-bg \">\n<div data-element-id=\"elm__IvWEr4yLgRELcrvk7kIEg\" data-element-type=\"row\" class=\"zprow zpalign-items-flex-start zpjustify-content-flex-start zpdefault-section zpdefault-section-bg \">\n<div data-element-id=\"elm_kE68w8CKUdVjxiYeXj0bSQ\" data-element-type=\"column\" class=\"zpelem-col zpcol-md-12 zpcol-sm-12 zpalign-self- zpdefault-section zpdefault-section-bg \">\n<div data-element-id=\"elm__DUxuQW3M3CCQkv0gMHUHw\" data-element-type=\"row\" class=\"zprow zpalign-items-flex-start zpjustify-content-flex-start zpdefault-section zpdefault-section-bg \"><\/div>\n<\/div>\n<\/div>\n<\/div>\n<\/div>\n<\/div>\n<\/div>\n<\/div>\n<\/div>\n<\/div>\n<p>[\/et_pb_text][et_pb_text _builder_version=\u00bb4.23.1&#8243; _module_preset=\u00bbdefault\u00bb global_colors_info=\u00bb{}\u00bb]<\/p>\n<ul>\n<li>\n<p><span>Respalda tu informaci\u00f3n cada d\u00eda y accede a ella de manera f\u00e1cil y segura<\/span><\/p>\n<\/li>\n<li>\n<p class=\"zpicon-heading \" data-editor=\"true\">Adquiere tu Escritorio Virtual por una cuota fija mensual o anual<\/p>\n<\/li>\n<li>\n<p class=\"zpicon-heading \" data-editor=\"true\"><span>Conecta a todas las \u00e1reas de tu empresa y trabaja en tiempo real<\/span><\/p>\n<\/li>\n<li>\n<p class=\"zpicon-heading \" data-editor=\"true\"><span>Trabaja desde casa o en cualquier lugar sin perder conectividad ni parar operaciones<\/span><\/p>\n<\/li>\n<\/ul>\n<p>[\/et_pb_text][et_pb_image src=\u00bbhttps:\/\/ajic.com.mx\/2\/wp-content\/uploads\/2023\/12\/escri_tabla.jpg\u00bb title_text=\u00bbescri_tabla\u00bb align=\u00bbcenter\u00bb _builder_version=\u00bb4.23.1&#8243; _module_preset=\u00bbdefault\u00bb global_colors_info=\u00bb{}\u00bb][\/et_pb_image][et_pb_image src=\u00bbhttps:\/\/ajic.com.mx\/2\/wp-content\/uploads\/2023\/12\/escri_tabla2.jpg\u00bb title_text=\u00bbescri_tabla2&#8243; align=\u00bbcenter\u00bb _builder_version=\u00bb4.23.1&#8243; _module_preset=\u00bbdefault\u00bb background_enable_color=\u00bboff\u00bb global_colors_info=\u00bb{}\u00bb][\/et_pb_image][et_pb_text _builder_version=\u00bb4.23.1&#8243; _module_preset=\u00bbdefault\u00bb text_font_size=\u00bb18px\u00bb global_colors_info=\u00bb{}\u00bb]<\/p>\n<p style=\"text-align: center;\"><span>Obt\u00e9n una mayor flexibilidad y seguridad en tus procesos comerciales, contables, n\u00f3mina y flujo de efectivo con\u00a0<\/span><\/p>\n<p style=\"text-align: center;\"><strong>Escritorio Virtual de CONTPAQi.<\/strong><\/p>\n<p>[\/et_pb_text][\/et_pb_column][\/et_pb_row][\/et_pb_section][et_pb_section fb_built=\u00bb1&#8243; admin_label=\u00bbTestimonials\u00bb _builder_version=\u00bb4.23.1&#8243; background_color=\u00bb#2144B7&#8243; use_background_color_gradient=\u00bbon\u00bb background_color_gradient_direction=\u00bb80deg\u00bb background_color_gradient_stops=\u00bb#1255f1 0%|#29c4a9 100%\u00bb custom_margin=\u00bb-21px|||||\u00bb custom_padding=\u00bb24px|0px|16px|0px||\u00bb global_colors_info=\u00bb{}\u00bb][et_pb_row column_structure=\u00bb1_2,1_2&#8243; _builder_version=\u00bb4.16&#8243; background_size=\u00bbinitial\u00bb background_position=\u00bbtop_left\u00bb background_repeat=\u00bbrepeat\u00bb custom_padding=\u00bb37px||8px|||\u00bb locked=\u00bboff\u00bb global_colors_info=\u00bb{}\u00bb][et_pb_column type=\u00bb1_2&#8243; _builder_version=\u00bb4.16&#8243; custom_padding=\u00bb|||\u00bb global_colors_info=\u00bb{}\u00bb custom_padding__hover=\u00bb|||\u00bb][et_pb_image src=\u00bbhttps:\/\/ajic.com.mx\/2\/wp-content\/uploads\/2023\/12\/producto-contabiliza.png\u00bb title_text=\u00bbproducto-contabiliza\u00bb _builder_version=\u00bb4.23.1&#8243; _module_preset=\u00bbdefault\u00bb global_colors_info=\u00bb{}\u00bb][\/et_pb_image][et_pb_divider color=\u00bb#1255F1&#8243; divider_weight=\u00bb4px\u00bb disabled_on=\u00bboff|off|off\u00bb _builder_version=\u00bb4.23.1&#8243; background_size=\u00bbinitial\u00bb background_position=\u00bbtop_left\u00bb background_repeat=\u00bbrepeat\u00bb max_width=\u00bb40px\u00bb module_alignment=\u00bbcenter\u00bb custom_margin=\u00bb||10px|\u00bb animation_style=\u00bbzoom\u00bb animation_direction=\u00bbleft\u00bb saved_tabs=\u00bball\u00bb locked=\u00bboff\u00bb global_colors_info=\u00bb{}\u00bb][\/et_pb_divider][\/et_pb_column][et_pb_column type=\u00bb1_2&#8243; _builder_version=\u00bb4.16&#8243; custom_padding=\u00bb|||\u00bb global_colors_info=\u00bb{}\u00bb custom_padding__hover=\u00bb|||\u00bb][et_pb_text _builder_version=\u00bb4.23.1&#8243; _module_preset=\u00bbdefault\u00bb text_text_color=\u00bb#FFFFFF\u00bb header_2_text_color=\u00bb#FFFFFF\u00bb global_colors_info=\u00bb{}\u00bb]<\/p>\n<h2 class=\"zpheading zpheading-style-none zpheading-align-left \" data-editor=\"true\"><span>Completa tu informaci\u00f3n<\/span><\/h2>\n<p>[\/et_pb_text][et_pb_contact_form title=\u00bbRequiere de mas informaci\u00f3n?\u00bb success_message=\u00bbGracias por contactarnos, un agente de AJIC se pondr\u00e1 en contacto lo mas pronto posible.\u00bb admin_label=\u00bbFormulario contacto prods\u00bb _builder_version=\u00bb4.23.1&#8243; _module_preset=\u00bbdefault\u00bb _unique_id=\u00bbe1ec92f1-318a-4e4f-9455-1c6ff23b6cc3&#8243; captcha_text_color=\u00bb#1255F1&#8243; captcha_font_size=\u00bb16px\u00bb captcha_letter_spacing=\u00bb2px\u00bb custom_button=\u00bbon\u00bb button_text_color=\u00bb#0C71C3&#8243; button_border_color=\u00bb#0C71C3&#8243; button_border_radius=\u00bb18px\u00bb custom_padding=\u00bb51px|||||\u00bb global_colors_info=\u00bb{}\u00bb theme_builder_area=\u00bbpost_content\u00bb][et_pb_contact_field field_id=\u00bbNombre\u00bb field_title=\u00bbNombre\u00bb allowed_symbols=\u00bbletters\u00bb _builder_version=\u00bb4.23.1&#8243; global_colors_info=\u00bb{}\u00bb button_text_size__hover_enabled=\u00bboff\u00bb button_one_text_size__hover_enabled=\u00bboff\u00bb button_two_text_size__hover_enabled=\u00bboff\u00bb button_text_color__hover_enabled=\u00bboff\u00bb button_one_text_color__hover_enabled=\u00bboff\u00bb button_two_text_color__hover_enabled=\u00bboff\u00bb button_border_width__hover_enabled=\u00bboff\u00bb button_one_border_width__hover_enabled=\u00bboff\u00bb button_two_border_width__hover_enabled=\u00bboff\u00bb button_border_color__hover_enabled=\u00bboff\u00bb button_one_border_color__hover_enabled=\u00bboff\u00bb button_two_border_color__hover_enabled=\u00bboff\u00bb button_border_radius__hover_enabled=\u00bboff\u00bb button_one_border_radius__hover_enabled=\u00bboff\u00bb button_two_border_radius__hover_enabled=\u00bboff\u00bb button_letter_spacing__hover_enabled=\u00bboff\u00bb button_one_letter_spacing__hover_enabled=\u00bboff\u00bb button_two_letter_spacing__hover_enabled=\u00bboff\u00bb button_bg_color__hover_enabled=\u00bboff\u00bb button_one_bg_color__hover_enabled=\u00bboff\u00bb button_two_bg_color__hover_enabled=\u00bboff\u00bb theme_builder_area=\u00bbpost_content\u00bb][\/et_pb_contact_field][et_pb_contact_field field_id=\u00bbApellido\u00bb field_title=\u00bbApellido\u00bb allowed_symbols=\u00bbletters\u00bb _builder_version=\u00bb4.18.0&#8243; global_colors_info=\u00bb{}\u00bb button_text_size__hover_enabled=\u00bboff\u00bb button_one_text_size__hover_enabled=\u00bboff\u00bb button_two_text_size__hover_enabled=\u00bboff\u00bb button_text_color__hover_enabled=\u00bboff\u00bb button_one_text_color__hover_enabled=\u00bboff\u00bb button_two_text_color__hover_enabled=\u00bboff\u00bb button_border_width__hover_enabled=\u00bboff\u00bb button_one_border_width__hover_enabled=\u00bboff\u00bb button_two_border_width__hover_enabled=\u00bboff\u00bb button_border_color__hover_enabled=\u00bboff\u00bb button_one_border_color__hover_enabled=\u00bboff\u00bb button_two_border_color__hover_enabled=\u00bboff\u00bb button_border_radius__hover_enabled=\u00bboff\u00bb button_one_border_radius__hover_enabled=\u00bboff\u00bb button_two_border_radius__hover_enabled=\u00bboff\u00bb button_letter_spacing__hover_enabled=\u00bboff\u00bb button_one_letter_spacing__hover_enabled=\u00bboff\u00bb button_two_letter_spacing__hover_enabled=\u00bboff\u00bb button_bg_color__hover_enabled=\u00bboff\u00bb button_one_bg_color__hover_enabled=\u00bboff\u00bb button_two_bg_color__hover_enabled=\u00bboff\u00bb theme_builder_area=\u00bbpost_content\u00bb][\/et_pb_contact_field][et_pb_contact_field field_id=\u00bbTel\u00e9fono\u00bb field_title=\u00bbTel\u00e9fono\u00bb min_length=\u00bb10&#8243; max_length=\u00bb10&#8243; allowed_symbols=\u00bbnumbers\u00bb _builder_version=\u00bb4.23.1&#8243; global_colors_info=\u00bb{}\u00bb button_text_size__hover_enabled=\u00bboff\u00bb button_one_text_size__hover_enabled=\u00bboff\u00bb button_two_text_size__hover_enabled=\u00bboff\u00bb button_text_color__hover_enabled=\u00bboff\u00bb button_one_text_color__hover_enabled=\u00bboff\u00bb button_two_text_color__hover_enabled=\u00bboff\u00bb button_border_width__hover_enabled=\u00bboff\u00bb button_one_border_width__hover_enabled=\u00bboff\u00bb button_two_border_width__hover_enabled=\u00bboff\u00bb button_border_color__hover_enabled=\u00bboff\u00bb button_one_border_color__hover_enabled=\u00bboff\u00bb button_two_border_color__hover_enabled=\u00bboff\u00bb button_border_radius__hover_enabled=\u00bboff\u00bb button_one_border_radius__hover_enabled=\u00bboff\u00bb button_two_border_radius__hover_enabled=\u00bboff\u00bb button_letter_spacing__hover_enabled=\u00bboff\u00bb button_one_letter_spacing__hover_enabled=\u00bboff\u00bb button_two_letter_spacing__hover_enabled=\u00bboff\u00bb button_bg_color__hover_enabled=\u00bboff\u00bb button_one_bg_color__hover_enabled=\u00bboff\u00bb button_two_bg_color__hover_enabled=\u00bboff\u00bb theme_builder_area=\u00bbpost_content\u00bb][\/et_pb_contact_field][et_pb_contact_field field_id=\u00bbEmail\u00bb field_title=\u00bbDirecci\u00f3n de correo electr\u00f3nico\u00bb field_type=\u00bbemail\u00bb _builder_version=\u00bb4.23.1&#8243; global_colors_info=\u00bb{}\u00bb button_text_size__hover_enabled=\u00bboff\u00bb button_one_text_size__hover_enabled=\u00bboff\u00bb button_two_text_size__hover_enabled=\u00bboff\u00bb button_text_color__hover_enabled=\u00bboff\u00bb button_one_text_color__hover_enabled=\u00bboff\u00bb button_two_text_color__hover_enabled=\u00bboff\u00bb button_border_width__hover_enabled=\u00bboff\u00bb button_one_border_width__hover_enabled=\u00bboff\u00bb button_two_border_width__hover_enabled=\u00bboff\u00bb button_border_color__hover_enabled=\u00bboff\u00bb button_one_border_color__hover_enabled=\u00bboff\u00bb button_two_border_color__hover_enabled=\u00bboff\u00bb button_border_radius__hover_enabled=\u00bboff\u00bb button_one_border_radius__hover_enabled=\u00bboff\u00bb button_two_border_radius__hover_enabled=\u00bboff\u00bb button_letter_spacing__hover_enabled=\u00bboff\u00bb button_one_letter_spacing__hover_enabled=\u00bboff\u00bb button_two_letter_spacing__hover_enabled=\u00bboff\u00bb button_bg_color__hover_enabled=\u00bboff\u00bb button_one_bg_color__hover_enabled=\u00bboff\u00bb button_two_bg_color__hover_enabled=\u00bboff\u00bb theme_builder_area=\u00bbpost_content\u00bb][\/et_pb_contact_field][et_pb_contact_field field_id=\u00bbEres\u00bb field_title=\u00bbQue giro eres?\u00bb field_type=\u00bbselect\u00bb select_options=\u00bb%91{%22value%22:%22Empresa%22,%22checked%22:0,%22dragID%22:-1},{%22value%22:%22PyME%22,%22checked%22:0,%22dragID%22:3},{%22value%22:%22Despacho contable%22,%22checked%22:0,%22dragID%22:0},{%22value%22:%22Persona f\u00edsica%22,%22checked%22:0,%22dragID%22:1},{%22value%22:%22Estudiante%22,%22checked%22:0,%22dragID%22:2}%93&#8243; fullwidth_field=\u00bbon\u00bb _builder_version=\u00bb4.23.1&#8243; _module_preset=\u00bbdefault\u00bb global_colors_info=\u00bb{}\u00bb theme_builder_area=\u00bbpost_content\u00bb][\/et_pb_contact_field][et_pb_contact_field field_id=\u00bbRFC\u00bb field_title=\u00bbRFC\u00bb allowed_symbols=\u00bbalphanumeric\u00bb fullwidth_field=\u00bbon\u00bb _builder_version=\u00bb4.23.1&#8243; _module_preset=\u00bbdefault\u00bb global_colors_info=\u00bb{}\u00bb theme_builder_area=\u00bbpost_content\u00bb][\/et_pb_contact_field][et_pb_contact_field field_id=\u00bbMe_interesa_Contpaqi:\u00bb field_title=\u00bbMe interesa Contpaqi:\u00bb field_type=\u00bbselect\u00bb select_options=\u00bb%91{%22value%22:%22Contabilidad%22,%22checked%22:0,%22dragID%22:-1},{%22value%22:%22N\u00f3minas%22,%22checked%22:0,%22dragID%22:0},{%22value%22:%22Bancos%22,%22checked%22:0,%22dragID%22:1},{%22value%22:%22XML%22,%22checked%22:0,%22dragID%22:2},{%22value%22:%22Comercial%22,%22checked%22:0,%22dragID%22:3},{%22value%22:%22Factura electr\u00f3nica%22,%22checked%22:0,%22dragID%22:4},{%22value%22:%22Contabiliza%22,%22checked%22:0,%22dragID%22:5},{%22value%22:%22Despacho%22,%22checked%22:0,%22dragID%22:6},{%22value%22:%22Cobra%22,%22checked%22:0,%22dragID%22:7},{%22value%22:%22Vi\u00e1ticos%22,%22checked%22:0,%22dragID%22:8},{%22value%22:%22Vende%22,%22checked%22:0,%22dragID%22:9},{%22value%22:%22Personia%22,%22checked%22:0,%22dragID%22:10},{%22value%22:%22Otro%22,%22checked%22:0,%22dragID%22:11}%93&#8243; fullwidth_field=\u00bbon\u00bb _builder_version=\u00bb4.23.1&#8243; _module_preset=\u00bbdefault\u00bb global_colors_info=\u00bb{}\u00bb theme_builder_area=\u00bbpost_content\u00bb][\/et_pb_contact_field][\/et_pb_contact_form][\/et_pb_column][\/et_pb_row][\/et_pb_section]<\/p>\n","protected":false},"excerpt":{"rendered":"<p>ACCEDE A TU CONTABILIDAD\u00a0EN LA NUBE DESDE CUALQUIER LUGARConvierte cualquier espacio en tu oficina gracias a nuestra herramienta de Escritorio Virtual, en la cual podr\u00e1s acceder a sistemas CONTPAQi y continuar con tus operaciones sin importar en donde se encuentren.TODOS NUESTROS SERVICIOS EN LA NUBE PARA EMPRESAS A TU ALCANCE EN UN SOLO LUGAR.Descubre c\u00f3mo [&hellip;]<\/p>\n","protected":false},"author":1,"featured_media":0,"parent":0,"menu_order":0,"comment_status":"closed","ping_status":"closed","template":"","meta":{"_et_pb_use_builder":"on","_et_pb_old_content":"","_et_gb_content_width":"","footnotes":""},"class_list":["post-241745","page","type-page","status-publish","hentry"],"_links":{"self":[{"href":"https:\/\/ajic.com.mx\/2\/wp-json\/wp\/v2\/pages\/241745","targetHints":{"allow":["GET"]}}],"collection":[{"href":"https:\/\/ajic.com.mx\/2\/wp-json\/wp\/v2\/pages"}],"about":[{"href":"https:\/\/ajic.com.mx\/2\/wp-json\/wp\/v2\/types\/page"}],"author":[{"embeddable":true,"href":"https:\/\/ajic.com.mx\/2\/wp-json\/wp\/v2\/users\/1"}],"replies":[{"embeddable":true,"href":"https:\/\/ajic.com.mx\/2\/wp-json\/wp\/v2\/comments?post=241745"}],"version-history":[{"count":5,"href":"https:\/\/ajic.com.mx\/2\/wp-json\/wp\/v2\/pages\/241745\/revisions"}],"predecessor-version":[{"id":241868,"href":"https:\/\/ajic.com.mx\/2\/wp-json\/wp\/v2\/pages\/241745\/revisions\/241868"}],"wp:attachment":[{"href":"https:\/\/ajic.com.mx\/2\/wp-json\/wp\/v2\/media?parent=241745"}],"curies":[{"name":"wp","href":"https:\/\/api.w.org\/{rel}","templated":true}]}}